{"id":34,"date":"2018-08-20T08:19:09","date_gmt":"2018-08-20T08:19:09","guid":{"rendered":"http:\/\/alex-ourth.com\/schauspieler\/?page_id=34"},"modified":"2018-08-27T17:57:10","modified_gmt":"2018-08-27T17:57:10","slug":"vita","status":"publish","type":"page","link":"http:\/\/alex-ourth.com\/schauspieler\/vita\/","title":{"rendered":"Vita"},"content":{"rendered":"<h3 style=\"text-align: center;\"><span style=\"color: #993300;\"><a style=\"color: #993300;\" href=\"http:\/\/alex-ourth.com\/schauspieler\/wp-content\/uploads\/2018\/08\/aourth_schauspiel_2018_08.pdf\">Vita Schauspieler 08\/2018 &#8211; Download als PDF.<\/a><\/span><\/h3>\n<p>Alexander Ourth wurde 1978 in Oberndorf bei Salzburg geboren. Sein Vater <a href=\"https:\/\/cnl.public.lu\/fr\/actualites\/objet-mois\/2018\/01\/Der-Schauspieler-kehrt-nicht-wieder\/index.html\">Georges Ourth<\/a> (Schauspieler &amp; Regisseur) und seine Mutter<a href=\"http:\/\/www.renate-ourth.at\"> Renater Rustler-Ourth<\/a> (Schauspielerin &amp; Regisseurin und Theaterleiterin) arbeiteten zu dieser Zeit am Salzburger Landestheater und leiteten die Elisabethb\u00fchne, dem heutigen Schauspielhaus Salzburg. Bereits als Kind stand er in verschiedenen Rollen auf der B\u00fchne. In der Kindheit wurzelt auch seine Affinit\u00e4t zu verschiedensten erop\u00e4ischen und fern\u00f6stlichen Kampfk\u00fcnsten, die ihn sp\u00e4ter auch zur Kampfchoreografie f\u00fchrte. Nach der Matura begann er mit der Schauspielausbildung in Salzburg und schloss 2001 mit der B\u00fchnenreifepr\u00fcfung der Parit\u00e4tischen Komission in Wien ab. Parallel zum Engegament am Schauspielhaus Salzburg begann er mit intensivem Tanztraining, K\u00f6rperarbeit und unterrichtete B\u00fchnenkampf und -Fechten. Bis heute ist der k\u00f6rperliche Aspekt der Schauspielkunst f\u00fcr ihn ein wesentlicher Punkt.<\/p>\n<p>2004 wechselte er ans Ensemble des Trierer Theaters, wo er unter Anderem als Christian in &#8222;Cyrano de Bergerac&#8220;, Billy Bibbit in &#8222;Einer flog \u00fcbers Kuckucksnest&#8220; und Edmund in &#8222;Eines langes Tages Reise in die Nacht&#8220; Best\u00e4tigung durch Publikum und Presse erfuhr, und wohin er sp\u00e4ter als Regisseur zur\u00fcckkehrte. Seit 2009 lebt er als freier Schauspieler in Trier und spielt regelm\u00e4\u00dfig bei den Kreuzgangspielen in Feuchtwangen. Weitere Engegaments f\u00fchrten an die Salzburger Festspiele (&#8222;Schlachten!&#8220;, R: Luc Perceval), das Th\u00e9\u00e2tre National du Luxembourg, das Th\u00e9\u00e2tre des Capucins Luxemburg, das Saarl\u00e4ndische Staatstheater und zu zahlreichen freien Projekten.<\/p>\n<p>Seit 2004 geh\u00f6rt Alexander Ourth zur Gr\u00fcndungsbesetzung von<a href=\"http:\/\/www.impro-trier.de\"> Theatersport Trier<\/a>, wo er regelm\u00e4\u00dfig auftritt. Mit der Gr\u00fcndung der freien Gruppe <a href=\"http:\/\/www.kulturlabor-trier.de\">Kulturlabor<\/a> in Trier, 2009, widmete er sich der Synthese von Digitaler Kunst und Schauspielkunst. Weitere Informationen hierzu finden sich auf der <a href=\"http:\/\/alex-ourth.com\/regisseur\/\">Regieseite<\/a>.<\/p>\n<hr \/>\n<h1>Profil<\/h1>\n\n<table id=\"tablepress-1\" class=\"tablepress tablepress-id-1\">\n<tbody class=\"row-hover\">\n<tr class=\"row-1 odd\">\n\t<td class=\"column-1\">Spielalter<\/td><td class=\"column-2\">30 - 45<\/td>\n<\/tr>\n<tr class=\"row-2 even\">\n\t<td class=\"column-1\">Nationalit\u00e4t<\/td><td class=\"column-2\">Luxemburg<\/td>\n<\/tr>\n<tr class=\"row-3 odd\">\n\t<td class=\"column-1\">Sprachen<\/td><td class=\"column-2\">Deutsch (Muttersprache)<br \/>\nSalzburger Dialekt<br \/>\nEnglisch<\/td>\n<\/tr>\n<tr class=\"row-4 even\">\n\t<td class=\"column-1\">Gr\u00f6\u00dfe<\/td><td class=\"column-2\">185 cm<\/td>\n<\/tr>\n<tr class=\"row-5 odd\">\n\t<td class=\"column-1\">Haarfarbe<\/td><td class=\"column-2\">rot<\/td>\n<\/tr>\n<tr class=\"row-6 even\">\n\t<td class=\"column-1\">Augenfarbe<\/td><td class=\"column-2\">gr\u00fcn<\/td>\n<\/tr>\n<tr class=\"row-7 odd\">\n\t<td class=\"column-1\">F\u00e4higkeiten<\/td><td class=\"column-2\">Div. Kampfk\u00fcnste<br \/>\nDiv. Fechtstile<br \/>\nKampfchoreografie<br \/>\nF\u00fchrerschein Kl. B<br \/>\nTanzen<br \/>\nImpro-Theater<\/td>\n<\/tr>\n<\/tbody>\n<\/table>\n<!-- #tablepress-1 from cache -->\n<hr \/>\n<h1>Rollen (Auswahl)<\/h1>\n\n<table id=\"tablepress-2\" class=\"tablepress tablepress-id-2\">\n<thead>\n<tr class=\"row-1 odd\">\n\t<th class=\"column-1\">Jahr<\/th><th class=\"column-2\">Autor<\/th><th class=\"column-3\">St\u00fcck<\/th><th class=\"column-4\">Rolle<\/th><th class=\"column-5\">Theater<\/th>\n<\/tr>\n<\/thead>\n<tbody class=\"row-hover\">\n<tr class=\"row-2 even\">\n\t<td class=\"column-1\">2018<\/td><td class=\"column-2\">J. W. von Goethe<\/td><td class=\"column-3\">Faust I<\/td><td class=\"column-4\">Theaterdirektor<br \/>\nSiebel<\/td><td class=\"column-5\">Kreuzgangspiele Feuchtwangen<\/td>\n<\/tr>\n<tr class=\"row-3 odd\">\n\t<td class=\"column-1\">2018<\/td><td class=\"column-2\">n. Christine N\u00f6stlinger<\/td><td class=\"column-3\">Konrad oder das Kind aus der Konservendose<\/td><td class=\"column-4\">Direktor<\/td><td class=\"column-5\">Kulturlabor<\/td>\n<\/tr>\n<tr class=\"row-4 even\">\n\t<td class=\"column-1\">2017<\/td><td class=\"column-2\">n. Edwin Hubble<\/td><td class=\"column-3\">Stellar Spectra<\/td><td class=\"column-4\">Sprecher<\/td><td class=\"column-5\">Kulturlabor<\/td>\n<\/tr>\n<tr class=\"row-5 odd\">\n\t<td class=\"column-1\">2017<\/td><td class=\"column-2\">J\u00fcrgen Apel<\/td><td class=\"column-3\">Luther<\/td><td class=\"column-4\">Thomas M\u00fcntzer<\/td><td class=\"column-5\">Kreuzgangspiele Feuchtwangen<\/td>\n<\/tr>\n<tr class=\"row-6 even\">\n\t<td class=\"column-1\">2017<\/td><td class=\"column-2\">Olivier Garofalo<\/td><td class=\"column-3\">Heimat ist kein Ort<\/td><td class=\"column-4\">Burger<\/td><td class=\"column-5\">Th\u00e9\u00e2tre National du Luxembourg<\/td>\n<\/tr>\n<tr class=\"row-7 odd\">\n\t<td class=\"column-1\">2016<\/td><td class=\"column-2\">Alexander Ourth<\/td><td class=\"column-3\">Sophie Scholl<\/td><td class=\"column-4\">Fritz Hartnagel<br \/>\nRobert Scholl<br \/>\nErz\u00e4hler<\/td><td class=\"column-5\">Kulturlabor<\/td>\n<\/tr>\n<tr class=\"row-8 even\">\n\t<td class=\"column-1\">2016<\/td><td class=\"column-2\">William Shakespeare<\/td><td class=\"column-3\">Romeo und Julia<\/td><td class=\"column-4\">Tybalt<\/td><td class=\"column-5\">Kreuzgangspiele Feuchtwangen<\/td>\n<\/tr>\n<tr class=\"row-9 odd\">\n\t<td class=\"column-1\">2016<\/td><td class=\"column-2\">Joseph Kesselring<\/td><td class=\"column-3\">Arsen und Spitzenh\u00e4ubchen<\/td><td class=\"column-4\">Brophy \/ O'Hara<\/td><td class=\"column-5\">Kreuzgangspiele Feuchtwangen<\/td>\n<\/tr>\n<tr class=\"row-10 even\">\n\t<td class=\"column-1\">2015<\/td><td class=\"column-2\">Kurt Wilhelm<\/td><td class=\"column-3\">Der Brandner Kasper<\/td><td class=\"column-4\">Simmerl<\/td><td class=\"column-5\">Kreuzgangspiele Feuchtwangen<\/td>\n<\/tr>\n<tr class=\"row-11 odd\">\n\t<td class=\"column-1\">2015<\/td><td class=\"column-2\">Moli\u00e9re<\/td><td class=\"column-3\">Der eingebildete Kranke<\/td><td class=\"column-4\">Bonnefoy<\/td><td class=\"column-5\">Kreuzgangspiele Feuchtwangen<\/td>\n<\/tr>\n<tr class=\"row-12 even\">\n\t<td class=\"column-1\">2014<\/td><td class=\"column-2\">Friedrich Schiller<\/td><td class=\"column-3\">Wilhelm Tell<\/td><td class=\"column-4\">Melchtal<\/td><td class=\"column-5\">Kreuzgangspiele Feuchtwangen<\/td>\n<\/tr>\n<tr class=\"row-13 odd\">\n\t<td class=\"column-1\">2013<\/td><td class=\"column-2\">Hannah Ma<\/td><td class=\"column-3\">Zugv\u00f6gel<\/td><td class=\"column-4\">\u00d6sterreicher<\/td><td class=\"column-5\">Hannah Ma Dance<\/td>\n<\/tr>\n<tr class=\"row-14 even\">\n\t<td class=\"column-1\">2013<\/td><td class=\"column-2\">William Shakespeare<\/td><td class=\"column-3\">Ein Sommernachtstraum<\/td><td class=\"column-4\">Zettel<\/td><td class=\"column-5\">Kreuzgangspiele Feuchtwangen<\/td>\n<\/tr>\n<tr class=\"row-15 odd\">\n\t<td class=\"column-1\">2013<\/td><td class=\"column-2\">Georg B\u00fcchner<\/td><td class=\"column-3\">Dantons Tod<\/td><td class=\"column-4\">Herrault-Seychelles<\/td><td class=\"column-5\">Theater Trier<\/td>\n<\/tr>\n<tr class=\"row-16 even\">\n\t<td class=\"column-1\">2012<\/td><td class=\"column-2\">n. Umberto Eco<\/td><td class=\"column-3\">Der Name der Rose<\/td><td class=\"column-4\">Bruder Berengar<\/td><td class=\"column-5\">Kreuzgangspiele Feuchtwangen<\/td>\n<\/tr>\n<tr class=\"row-17 odd\">\n\t<td class=\"column-1\">2011<\/td><td class=\"column-2\">William Shakespeare<\/td><td class=\"column-3\">Viel L\u00e4rm um nichts<\/td><td class=\"column-4\">Borachio<\/td><td class=\"column-5\">Kreuzgangspiele Feuchtwangen<\/td>\n<\/tr>\n<tr class=\"row-18 even\">\n\t<td class=\"column-1\">2010<\/td><td class=\"column-2\">Anton Chechov<\/td><td class=\"column-3\">Der Kirschgarten<\/td><td class=\"column-4\">Jepichodov<\/td><td class=\"column-5\">Th\u00e9atre des Capucins<\/td>\n<\/tr>\n<tr class=\"row-19 odd\">\n\t<td class=\"column-1\">2010<\/td><td class=\"column-2\">n. Alexandre Dumas<\/td><td class=\"column-3\">Die Drei Musketiere<\/td><td class=\"column-4\">Aramis<\/td><td class=\"column-5\">Kreuzgangspiele Feuchtwangen<\/td>\n<\/tr>\n<tr class=\"row-20 even\">\n\t<td class=\"column-1\">2010<\/td><td class=\"column-2\">Andres Veiel<br \/>\nGesine Schmidt<\/td><td class=\"column-3\">Der Kick<\/td><td class=\"column-4\">Marcel<\/td><td class=\"column-5\">Theater Trier<\/td>\n<\/tr>\n<tr class=\"row-21 odd\">\n\t<td class=\"column-1\">2010<\/td><td class=\"column-2\">Carl Zuckmayer<\/td><td class=\"column-3\">Der Hauptmann von K\u00f6penick<\/td><td class=\"column-4\">Gef\u00e4ngnisdirektor<\/td><td class=\"column-5\">Theater Trier<\/td>\n<\/tr>\n<tr class=\"row-22 even\">\n\t<td class=\"column-1\">2009<\/td><td class=\"column-2\">n. Euripides<\/td><td class=\"column-3\">Die Backchen<\/td><td class=\"column-4\">Dionysos<\/td><td class=\"column-5\">freie Produktion<\/td>\n<\/tr>\n<tr class=\"row-23 odd\">\n\t<td class=\"column-1\">2009<\/td><td class=\"column-2\">Dale Wasserman<\/td><td class=\"column-3\">Einer flog \u00fcber das Kuckucksnest<\/td><td class=\"column-4\">Billy Bibbit<\/td><td class=\"column-5\">Theater Trier<\/td>\n<\/tr>\n<tr class=\"row-24 even\">\n\t<td class=\"column-1\">2009<\/td><td class=\"column-2\">Eugene O'Neill<\/td><td class=\"column-3\">Eines langen Tages Reise in die Nacht<\/td><td class=\"column-4\">Edmund<\/td><td class=\"column-5\">Theater Trier<\/td>\n<\/tr>\n<tr class=\"row-25 odd\">\n\t<td class=\"column-1\">2008<\/td><td class=\"column-2\">Wajdi Mouawad<\/td><td class=\"column-3\">Verbrennungen<\/td><td class=\"column-4\">Wahab<br \/>\nNihad<\/td><td class=\"column-5\">Theater Trier<\/td>\n<\/tr>\n<tr class=\"row-26 even\">\n\t<td class=\"column-1\">2008<\/td><td class=\"column-2\">Moli\u00e9re<\/td><td class=\"column-3\">Der Geizige<\/td><td class=\"column-4\">Val\u00e8re<\/td><td class=\"column-5\">Theater Trier<\/td>\n<\/tr>\n<tr class=\"row-27 odd\">\n\t<td class=\"column-1\">2008<\/td><td class=\"column-2\">Lothar Kittstein<\/td><td class=\"column-3\">Tokio<\/td><td class=\"column-4\">Ben<\/td><td class=\"column-5\">Theater Trier<\/td>\n<\/tr>\n<tr class=\"row-28 even\">\n\t<td class=\"column-1\">2007<\/td><td class=\"column-2\">Xavier Duringer<\/td><td class=\"column-3\">Wellenreiter<\/td><td class=\"column-4\">Jonk<\/td><td class=\"column-5\">Gerhard Weber<\/td>\n<\/tr>\n<tr class=\"row-29 odd\">\n\t<td class=\"column-1\">2007<\/td><td class=\"column-2\">Thomas Jonigk<\/td><td class=\"column-3\">H\u00f6rst Du mein heimliches Rufen<\/td><td class=\"column-4\">Der junge Mann<\/td><td class=\"column-5\">Theater Trier<\/td>\n<\/tr>\n<tr class=\"row-30 even\">\n\t<td class=\"column-1\">2007<\/td><td class=\"column-2\">Falk Richter<\/td><td class=\"column-3\">Im Ausnahmezustand<\/td><td class=\"column-4\">Er<\/td><td class=\"column-5\">Th\u00e9atre des Capucins<\/td>\n<\/tr>\n<tr class=\"row-31 odd\">\n\t<td class=\"column-1\">2007<\/td><td class=\"column-2\">Falk Richter<\/td><td class=\"column-3\">Unter Eis<\/td><td class=\"column-4\">Glasenapp<\/td><td class=\"column-5\">Theater Trier<\/td>\n<\/tr>\n<tr class=\"row-32 even\">\n\t<td class=\"column-1\">2006<\/td><td class=\"column-2\">Steffen Popp<\/td><td class=\"column-3\">Superflex<\/td><td class=\"column-4\">Frischling<\/td><td class=\"column-5\">Theater Trier<\/td>\n<\/tr>\n<tr class=\"row-33 odd\">\n\t<td class=\"column-1\">2006<\/td><td class=\"column-2\">n. Gustave Flaubert<\/td><td class=\"column-3\">Madame Bovary<\/td><td class=\"column-4\">L\u00e9on Dupuis<\/td><td class=\"column-5\">Theater Trier<\/td>\n<\/tr>\n<tr class=\"row-34 even\">\n\t<td class=\"column-1\">2006<\/td><td class=\"column-2\">Nino D'Introna<\/td><td class=\"column-3\">Robinson und Crusoe<\/td><td class=\"column-4\">Zweiter Mann<\/td><td class=\"column-5\">Theater Trier<\/td>\n<\/tr>\n<tr class=\"row-35 odd\">\n\t<td class=\"column-1\">2005<\/td><td class=\"column-2\">Carlo Goldoni<\/td><td class=\"column-3\">Diener Zweier Herren<\/td><td class=\"column-4\">Silvio<\/td><td class=\"column-5\">Theater Trier<\/td>\n<\/tr>\n<tr class=\"row-36 even\">\n\t<td class=\"column-1\">2005<\/td><td class=\"column-2\">Lars Nor\u00e9n<\/td><td class=\"column-3\">K\u00e4lte<\/td><td class=\"column-4\">Kalle<\/td><td class=\"column-5\">Theater Trier<\/td>\n<\/tr>\n<tr class=\"row-37 odd\">\n\t<td class=\"column-1\">2005<\/td><td class=\"column-2\">n. Benjamin Lebert<\/td><td class=\"column-3\">Der Vogel ist ein Rabe<\/td><td class=\"column-4\">Paul<\/td><td class=\"column-5\">Theater Trier<\/td>\n<\/tr>\n<tr class=\"row-38 even\">\n\t<td class=\"column-1\">2005<\/td><td class=\"column-2\">n. Michael Ende<\/td><td class=\"column-3\">Jim Knopf und Lukas der Lokomotivf\u00fchrer<\/td><td class=\"column-4\">Jim<\/td><td class=\"column-5\">Theater Trier<\/td>\n<\/tr>\n<tr class=\"row-39 odd\">\n\t<td class=\"column-1\">2004<\/td><td class=\"column-2\">Friedrich Schiller<\/td><td class=\"column-3\">Die Jungfrau von Orleans<\/td><td class=\"column-4\">Lionel<\/td><td class=\"column-5\">Theater Trier<\/td>\n<\/tr>\n<tr class=\"row-40 even\">\n\t<td class=\"column-1\">2004<\/td><td class=\"column-2\">Edmond Rostand<\/td><td class=\"column-3\">Cyrano de Bergerac<\/td><td class=\"column-4\">Christian<\/td><td class=\"column-5\">Theater Trier<\/td>\n<\/tr>\n<tr class=\"row-41 odd\">\n\t<td class=\"column-1\">2004<\/td><td class=\"column-2\">n. Wilhelm Hauff<\/td><td class=\"column-3\">Das kalte Herz<\/td><td class=\"column-4\">Peter<\/td><td class=\"column-5\">Schauspielhaus Salzburg<\/td>\n<\/tr>\n<tr class=\"row-42 even\">\n\t<td class=\"column-1\">2004<\/td><td class=\"column-2\">Dories D\u00f6rrie<\/td><td class=\"column-3\">Happy<\/td><td class=\"column-4\">Boris<\/td><td class=\"column-5\">Schauspielhaus Salzburg<\/td>\n<\/tr>\n<tr class=\"row-43 odd\">\n\t<td class=\"column-1\">2003<\/td><td class=\"column-2\">Maurice Maeterlinck<\/td><td class=\"column-3\">P\u00e9ll\u00e9as und M\u00e9lisande<\/td><td class=\"column-4\">P\u00e9ll\u00e9as<\/td><td class=\"column-5\">Schauspielhaus Salzburg<\/td>\n<\/tr>\n<tr class=\"row-44 even\">\n\t<td class=\"column-1\">2003<\/td><td class=\"column-2\">Roland Schimmelpfennig<\/td><td class=\"column-3\">Die arabische Nacht<\/td><td class=\"column-4\">Karpati<\/td><td class=\"column-5\">Schauspielhaus Salzburg<\/td>\n<\/tr>\n<tr class=\"row-45 odd\">\n\t<td class=\"column-1\">2002<\/td><td class=\"column-2\">Lars Nor\u00e9n<\/td><td class=\"column-3\">Blut<\/td><td class=\"column-4\">Luca<\/td><td class=\"column-5\">Schauspielhaus Salzburg<\/td>\n<\/tr>\n<tr class=\"row-46 even\">\n\t<td class=\"column-1\">2002<\/td><td class=\"column-2\">n. Ray Bradburry<\/td><td class=\"column-3\">Fahrenheit 451<\/td><td class=\"column-4\">Holden<\/td><td class=\"column-5\">Schauspielhaus Salzburg<\/td>\n<\/tr>\n<tr class=\"row-47 odd\">\n\t<td class=\"column-1\">2002<\/td><td class=\"column-2\">Eugene Ionesco<\/td><td class=\"column-3\">Die Nash\u00f6rner<\/td><td class=\"column-4\">Schmetterling<\/td><td class=\"column-5\">Schauspielhaus Salzburg<\/td>\n<\/tr>\n<tr class=\"row-48 even\">\n\t<td class=\"column-1\">2001<\/td><td class=\"column-2\">Gerhard Hauptmann<\/td><td class=\"column-3\">Christiane Lawrenz<\/td><td class=\"column-4\">Kajus Beck<\/td><td class=\"column-5\">Schauspielhaus Salzburg<\/td>\n<\/tr>\n<tr class=\"row-49 odd\">\n\t<td class=\"column-1\">2001<\/td><td class=\"column-2\">n. Klaus Mann<\/td><td class=\"column-3\">Mephisto<\/td><td class=\"column-4\">Alex<\/td><td class=\"column-5\">Schauspielhaus Salzburg<\/td>\n<\/tr>\n<tr class=\"row-50 even\">\n\t<td class=\"column-1\">2000<\/td><td class=\"column-2\">John Millington Synge<\/td><td class=\"column-3\">Ein wahrer Held<\/td><td class=\"column-4\">Shawn Keogh<\/td><td class=\"column-5\">Schauspielhaus Salzburg<\/td>\n<\/tr>\n<tr class=\"row-51 odd\">\n\t<td class=\"column-1\">2000<\/td><td class=\"column-2\">n. Choderlos des Laclos<\/td><td class=\"column-3\">Gef\u00e4hrliche Liebschaften<\/td><td class=\"column-4\">Danceny<\/td><td class=\"column-5\">Schauspielhaus Salzburg<\/td>\n<\/tr>\n<tr class=\"row-52 even\">\n\t<td class=\"column-1\">1999<\/td><td class=\"column-2\">William Shakespeare<\/td><td class=\"column-3\">Hamletz<\/td><td class=\"column-4\">Horatio<\/td><td class=\"column-5\">Schauspielhaus Salzburg<\/td>\n<\/tr>\n<tr class=\"row-53 odd\">\n\t<td class=\"column-1\">1998<\/td><td class=\"column-2\">Tom Lannoye \/ Shakespeare<\/td><td class=\"column-3\">Schlachten!<\/td><td class=\"column-4\">Roland<\/td><td class=\"column-5\">Salzburger Festspiele<\/td>\n<\/tr>\n<\/tbody>\n<\/table>\n<!-- #tablepress-2 from cache -->\n<p>&nbsp;<\/p>\n","protected":false},"excerpt":{"rendered":"<p>Vita Schauspieler 08\/2018 &#8211; Download als PDF. Alexander Ourth wurde 1978 in Oberndorf bei Salzburg geboren. Sein Vater Georges Ourth (Schauspieler &amp; Regisseur) und seine Mutter Renater Rustler-Ourth (Schauspielerin &amp; Regisseurin und Theaterleiterin) arbeiteten zu dieser Zeit am Salzburger Landestheater und leiteten die Elisabethb\u00fchne, dem heutigen Schauspielhaus Salzburg. Bereits als Kind stand er in verschiedenen [&hellip;]<\/p>\n","protected":false},"author":1,"featured_media":0,"parent":0,"menu_order":0,"comment_status":"closed","ping_status":"closed","template":"page-fullwidth.php","meta":{"footnotes":""},"_links":{"self":[{"href":"http:\/\/alex-ourth.com\/schauspieler\/wp-json\/wp\/v2\/pages\/34"}],"collection":[{"href":"http:\/\/alex-ourth.com\/schauspieler\/wp-json\/wp\/v2\/pages"}],"about":[{"href":"http:\/\/alex-ourth.com\/schauspieler\/wp-json\/wp\/v2\/types\/page"}],"author":[{"embeddable":true,"href":"http:\/\/alex-ourth.com\/schauspieler\/wp-json\/wp\/v2\/users\/1"}],"replies":[{"embeddable":true,"href":"http:\/\/alex-ourth.com\/schauspieler\/wp-json\/wp\/v2\/comments?post=34"}],"version-history":[{"count":17,"href":"http:\/\/alex-ourth.com\/schauspieler\/wp-json\/wp\/v2\/pages\/34\/revisions"}],"predecessor-version":[{"id":108,"href":"http:\/\/alex-ourth.com\/schauspieler\/wp-json\/wp\/v2\/pages\/34\/revisions\/108"}],"wp:attachment":[{"href":"http:\/\/alex-ourth.com\/schauspieler\/wp-json\/wp\/v2\/media?parent=34"}],"curies":[{"name":"wp","href":"https:\/\/api.w.org\/{rel}","templated":true}]}}